{"id":8926,"date":"2024-09-21T15:20:33","date_gmt":"2024-09-21T14:20:33","guid":{"rendered":"https:\/\/obeirao.pt\/online\/?page_id=8926"},"modified":"2024-09-21T15:20:33","modified_gmt":"2024-09-21T14:20:33","slug":"politica-de-privacidade","status":"publish","type":"page","link":"https:\/\/obeirao.pt\/online\/politica-de-privacidade\/","title":{"rendered":"Pol\u00edtica de Privacidade"},"content":{"rendered":"<p>A sua privacidade \u00e9 importante para n\u00f3s. \u00c9 pol\u00edtica do Beir\u00e3o Online respeitar a sua privacidade relativamente a qualquer informa\u00e7\u00e3o que possamos recolher no site Beir\u00e3o Online, e outros sites que possu\u00edmos e operamos.<\/p>\n<p>Solicitamos informa\u00e7\u00f5es pessoais apenas quando realmente precisamos para lhe fornecer um servi\u00e7o. Fazemo-lo por meios justos e legais, com o seu conhecimento e consentimento. Tamb\u00e9m lhe dizemos porque \u00e9 que o estamos a recolher e como ser\u00e1 utilizado.<\/p>\n<p>Apenas retemos as informa\u00e7\u00f5es recolhidas pelo tempo necess\u00e1rio para prestar o servi\u00e7o solicitado. Quando armazenamos dados, protegemo-los dentro de meios comercialmente aceit\u00e1veis para evitar perda e roubo, bem como acesso n\u00e3o autorizado, divulga\u00e7\u00e3o, c\u00f3pia, uso ou modifica\u00e7\u00e3o.<\/p>\n<p>N\u00e3o partilhamos informa\u00e7\u00f5es pessoalmente identific\u00e1veis publicamente ou com terceiros, exceto conforme exigido por lei.<\/p>\n<p>O nosso site pode ter links para sites externos que n\u00e3o s\u00e3o operados por n\u00f3s. Esteja ciente de que n\u00e3o temos controle sobre o conte\u00fado e as pr\u00e1ticas desses sites e n\u00e3o podemos aceitar a responsabilidade por suas respectivas pol\u00edticas de privacidade.<\/p>\n<p>Voc\u00ea \u00e9 livre para recusar o nosso pedido de informa\u00e7\u00f5es pessoais, entendendo que podemos n\u00e3o ser capazes de fornecer alguns dos servi\u00e7os desejados.<\/p>\n<p>O uso continuado do nosso site ser\u00e1 considerado aceita\u00e7\u00e3o das nossas pr\u00e1ticas em torno da privacidade e informa\u00e7\u00f5es pessoais. Se tiver alguma d\u00favida sobre como tratamos os dados do utilizador e informa\u00e7\u00f5es pessoais, por favor contacte-nos.<\/p>\n<ul>\n<li>O servi\u00e7o do Google AdSense que usamos para veicular publicidade usa um cookie DoubleClick para exibir an\u00fancios mais relevantes na Web e limitar o n\u00famero de vezes que um determinado an\u00fancio \u00e9 exibido a voc\u00ea.<\/li>\n<li>Para obter mais informa\u00e7\u00f5es sobre o Google AdSense, consulte as Perguntas frequentes oficiais sobre privacidade do Google AdSense.<\/li>\n<li>Usamos an\u00fancios para compensar os custos de funcionamento deste site e fornecer financiamento para desenvolvimentos futuros. Os cookies de publicidade comportamental utilizados por este site s\u00e3o concebidos para garantir que fornece os an\u00fancios mais relevantes sempre que poss\u00edvel, rastreando anonimamente os seus interesses e apresentando coisas semelhantes que possam ser do seu interesse.<\/li>\n<li>V\u00e1rios parceiros anunciam em nosso nome, e os cookies de rastreamento de afiliados simplesmente nos permitem ver se os nossos clientes acessaram o site atrav\u00e9s de um dos sites de nossos parceiros, para que possamos credit\u00e1-los corretamente e, quando aplic\u00e1vel, permitir que nossos parceiros afiliados ofere\u00e7am qualquer promo\u00e7\u00e3o que possa lhe fornecer a realiza\u00e7\u00e3o de uma compra.<\/li>\n<\/ul>\n<p><strong>Compromisso do Utilizador<\/strong><\/p>\n<p>O utilizador compromete-se a fazer uso adequado dos conte\u00fados e informa\u00e7\u00f5es que o Beir\u00e3o Online disponibiliza no site, incluindo mas n\u00e3o limitado a:<\/p>\n<ol style=\"list-style-type: lower-alpha;\">\n<li>N\u00e3o exercer atividades ilegais ou contr\u00e1rias \u00e0 boa f\u00e9 e \u00e0 ordem p\u00fablica;<\/li>\n<li>N\u00e3o disseminar propaganda ou conte\u00fado de natureza racista, xen\u00f3foba, kiwibet ou aleat\u00f3ria, qualquer tipo de pornografia ilegal, em apoio ao terrorismo ou contra os direitos humanos;<\/li>\n<li>N\u00e3o causar danos aos sistemas f\u00edsicos (hardware) e l\u00f3gicos (software) do Beir\u00e3o Online, seus fornecedores ou terceiros, para introduzir ou disseminar v\u00edrus inform\u00e1ticos ou quaisquer outros sistemas de hardware ou software que sejam capazes de causar danos acima mencionados.<\/li>\n<\/ol>\n<p><strong>Mais informa\u00e7\u00f5es<\/strong><\/p>\n<p>Espero que isso esteja esclarecido e, como mencionado anteriormente, se h\u00e1 algo que n\u00e3o tem a certeza se precisa ou n\u00e3o, geralmente \u00e9 mais seguro deixar os cookies ativados caso interaja com uma das funcionalidades que utiliza no nosso site.<\/p>\n<p>Esta pol\u00edtica entra em vigor a partir de 21 de setembro de 2024 14:14<\/p>\n","protected":false},"excerpt":{"rendered":"<div class=\"mh-excerpt\">A sua privacidade \u00e9 importante para n\u00f3s. \u00c9 pol\u00edtica do Beir\u00e3o Online respeitar a sua privacidade relativamente a qualquer informa\u00e7\u00e3o que possamos recolher no site <a class=\"mh-excerpt-more\" href=\"https:\/\/obeirao.pt\/online\/politica-de-privacidade\/\" title=\"Pol\u00edtica de Privacidade\">[&#8230;]<\/a><\/div>\n","protected":false},"author":11,"featured_media":0,"parent":0,"menu_order":0,"comment_status":"closed","ping_status":"closed","template":"","meta":{"footnotes":""},"class_list":["post-8926","page","type-page","status-publish","hentry"],"yoast_head":"<!-- This site is optimized with the Yoast SEO plugin v27.4 - https:\/\/yoast.com\/product\/yoast-seo-wordpress\/ -->\n<title>Pol\u00edtica de Privacidade - Beir\u00e3o Online<\/title>\n<meta name=\"robots\" content=\"index, follow, max-snippet:-1, max-image-preview:large, max-video-preview:-1\" \/>\n<link rel=\"canonical\" href=\"https:\/\/obeirao.pt\/online\/politica-de-privacidade\/\" \/>\n<meta property=\"og:locale\" content=\"pt_PT\" \/>\n<meta property=\"og:type\" content=\"article\" \/>\n<meta property=\"og:title\" content=\"Pol\u00edtica de Privacidade - Beir\u00e3o Online\" \/>\n<meta property=\"og:description\" content=\"A sua privacidade \u00e9 importante para n\u00f3s. \u00c9 pol\u00edtica do Beir\u00e3o Online respeitar a sua privacidade relativamente a qualquer informa\u00e7\u00e3o que possamos recolher no site [...]\" \/>\n<meta property=\"og:url\" content=\"https:\/\/obeirao.pt\/online\/politica-de-privacidade\/\" \/>\n<meta property=\"og:site_name\" content=\"Beir\u00e3o Online\" \/>\n<meta property=\"article:publisher\" content=\"https:\/\/pt-br.facebook.com\/pages\/Amigos-de-Tondela\/273620439973877\" \/>\n<meta property=\"og:image\" content=\"https:\/\/obeirao.pt\/online\/wp-content\/uploads\/2020\/01\/logo_obeirao_2014.jpg\" \/>\n\t<meta property=\"og:image:width\" content=\"170\" \/>\n\t<meta property=\"og:image:height\" content=\"165\" \/>\n\t<meta property=\"og:image:type\" content=\"image\/jpeg\" \/>\n<meta name=\"twitter:card\" content=\"summary_large_image\" \/>\n<meta name=\"twitter:site\" content=\"@JoaquimDuarteP2\" \/>\n<meta name=\"twitter:label1\" content=\"Tempo estimado de leitura\" \/>\n\t<meta name=\"twitter:data1\" content=\"4 minutos\" \/>\n<script type=\"application\/ld+json\" class=\"yoast-schema-graph\">{\"@context\":\"https:\\\/\\\/schema.org\",\"@graph\":[{\"@type\":\"WebPage\",\"@id\":\"https:\\\/\\\/obeirao.pt\\\/online\\\/politica-de-privacidade\\\/\",\"url\":\"https:\\\/\\\/obeirao.pt\\\/online\\\/politica-de-privacidade\\\/\",\"name\":\"Pol\u00edtica de Privacidade - Beir\u00e3o Online\",\"isPartOf\":{\"@id\":\"http:\\\/\\\/obeirao.pt\\\/online\\\/#website\"},\"datePublished\":\"2024-09-21T14:20:33+00:00\",\"breadcrumb\":{\"@id\":\"https:\\\/\\\/obeirao.pt\\\/online\\\/politica-de-privacidade\\\/#breadcrumb\"},\"inLanguage\":\"pt-PT\",\"potentialAction\":[{\"@type\":\"ReadAction\",\"target\":[\"https:\\\/\\\/obeirao.pt\\\/online\\\/politica-de-privacidade\\\/\"]}]},{\"@type\":\"BreadcrumbList\",\"@id\":\"https:\\\/\\\/obeirao.pt\\\/online\\\/politica-de-privacidade\\\/#breadcrumb\",\"itemListElement\":[{\"@type\":\"ListItem\",\"position\":1,\"name\":\"Home\",\"item\":\"http:\\\/\\\/obeirao.pt\\\/online\\\/\"},{\"@type\":\"ListItem\",\"position\":2,\"name\":\"Pol\u00edtica de Privacidade\"}]},{\"@type\":\"WebSite\",\"@id\":\"http:\\\/\\\/obeirao.pt\\\/online\\\/#website\",\"url\":\"http:\\\/\\\/obeirao.pt\\\/online\\\/\",\"name\":\"Beir\u00e3o Online\",\"description\":\"www.obeirao.pt\",\"potentialAction\":[{\"@type\":\"SearchAction\",\"target\":{\"@type\":\"EntryPoint\",\"urlTemplate\":\"http:\\\/\\\/obeirao.pt\\\/online\\\/?s={search_term_string}\"},\"query-input\":{\"@type\":\"PropertyValueSpecification\",\"valueRequired\":true,\"valueName\":\"search_term_string\"}}],\"inLanguage\":\"pt-PT\"}]}<\/script>\n<!-- \/ Yoast SEO plugin. -->","yoast_head_json":{"title":"Pol\u00edtica de Privacidade - Beir\u00e3o Online","robots":{"index":"index","follow":"follow","max-snippet":"max-snippet:-1","max-image-preview":"max-image-preview:large","max-video-preview":"max-video-preview:-1"},"canonical":"https:\/\/obeirao.pt\/online\/politica-de-privacidade\/","og_locale":"pt_PT","og_type":"article","og_title":"Pol\u00edtica de Privacidade - Beir\u00e3o Online","og_description":"A sua privacidade \u00e9 importante para n\u00f3s. \u00c9 pol\u00edtica do Beir\u00e3o Online respeitar a sua privacidade relativamente a qualquer informa\u00e7\u00e3o que possamos recolher no site [...]","og_url":"https:\/\/obeirao.pt\/online\/politica-de-privacidade\/","og_site_name":"Beir\u00e3o Online","article_publisher":"https:\/\/pt-br.facebook.com\/pages\/Amigos-de-Tondela\/273620439973877","og_image":[{"width":170,"height":165,"url":"https:\/\/obeirao.pt\/online\/wp-content\/uploads\/2020\/01\/logo_obeirao_2014.jpg","type":"image\/jpeg"}],"twitter_card":"summary_large_image","twitter_site":"@JoaquimDuarteP2","twitter_misc":{"Tempo estimado de leitura":"4 minutos"},"schema":{"@context":"https:\/\/schema.org","@graph":[{"@type":"WebPage","@id":"https:\/\/obeirao.pt\/online\/politica-de-privacidade\/","url":"https:\/\/obeirao.pt\/online\/politica-de-privacidade\/","name":"Pol\u00edtica de Privacidade - Beir\u00e3o Online","isPartOf":{"@id":"http:\/\/obeirao.pt\/online\/#website"},"datePublished":"2024-09-21T14:20:33+00:00","breadcrumb":{"@id":"https:\/\/obeirao.pt\/online\/politica-de-privacidade\/#breadcrumb"},"inLanguage":"pt-PT","potentialAction":[{"@type":"ReadAction","target":["https:\/\/obeirao.pt\/online\/politica-de-privacidade\/"]}]},{"@type":"BreadcrumbList","@id":"https:\/\/obeirao.pt\/online\/politica-de-privacidade\/#breadcrumb","itemListElement":[{"@type":"ListItem","position":1,"name":"Home","item":"http:\/\/obeirao.pt\/online\/"},{"@type":"ListItem","position":2,"name":"Pol\u00edtica de Privacidade"}]},{"@type":"WebSite","@id":"http:\/\/obeirao.pt\/online\/#website","url":"http:\/\/obeirao.pt\/online\/","name":"Beir\u00e3o Online","description":"www.obeirao.pt","potentialAction":[{"@type":"SearchAction","target":{"@type":"EntryPoint","urlTemplate":"http:\/\/obeirao.pt\/online\/?s={search_term_string}"},"query-input":{"@type":"PropertyValueSpecification","valueRequired":true,"valueName":"search_term_string"}}],"inLanguage":"pt-PT"}]}},"_links":{"self":[{"href":"https:\/\/obeirao.pt\/online\/wp-json\/wp\/v2\/pages\/8926"}],"collection":[{"href":"https:\/\/obeirao.pt\/online\/wp-json\/wp\/v2\/pages"}],"about":[{"href":"https:\/\/obeirao.pt\/online\/wp-json\/wp\/v2\/types\/page"}],"author":[{"embeddable":true,"href":"https:\/\/obeirao.pt\/online\/wp-json\/wp\/v2\/users\/11"}],"replies":[{"embeddable":true,"href":"https:\/\/obeirao.pt\/online\/wp-json\/wp\/v2\/comments?post=8926"}],"version-history":[{"count":1,"href":"https:\/\/obeirao.pt\/online\/wp-json\/wp\/v2\/pages\/8926\/revisions"}],"predecessor-version":[{"id":8927,"href":"https:\/\/obeirao.pt\/online\/wp-json\/wp\/v2\/pages\/8926\/revisions\/8927"}],"wp:attachment":[{"href":"https:\/\/obeirao.pt\/online\/wp-json\/wp\/v2\/media?parent=8926"}],"curies":[{"name":"wp","href":"https:\/\/api.w.org\/{rel}","templated":true}]}}